{"id":346,"date":"2020-03-13T15:56:30","date_gmt":"2020-03-13T14:56:30","guid":{"rendered":"http:\/\/unterricht.ingeborg-feustel-grundschule.de\/?page_id=346"},"modified":"2020-06-06T09:02:25","modified_gmt":"2020-06-06T07:02:25","slug":"start","status":"publish","type":"page","link":"http:\/\/unterricht.ingeborg-feustel-grundschule.de\/","title":{"rendered":"Start"},"content":{"rendered":"\n<p>Dies ist eine interne Seite f\u00fcr Sch\u00fclerinnen und Sch\u00fcler der Ingeborg-Feustel-Grundschule. <\/p>\n\n\n\n<p class=\"has-text-align-left\">Hier findet Ihr verschiedene Materialien. Ihr k\u00f6nnt auch selber Ideen einbringen, um diese Seite zu gestalten.<\/p>\n\n\n\n<p><\/p>\n\n\n\n<p class=\"has-text-align-left\"><strong>Achtung: Dies hier ist ein Blog.<\/strong><\/p>\n\n\n\n<p class=\"has-text-align-left\">Bei einem Blog erscheinen die neuesten Beitr\u00e4ge immer oben.<\/p>\n\n\n\n<p class=\"has-text-align-left\">Wenn Ihr noch nie hier wart und die Beitr\u00e4ge der Reihe nach ansehen m\u00f6chtet, m\u00fcsst Ihr nach unten scrollen.<\/p>\n\n\n\n<p>Und jetzt: Sucht Eure Klasse!<\/p>\n\n\n\n<figure class=\"wp-block-image size-large\"><img decoding=\"async\" width=\"139\" height=\"264\" src=\"http:\/\/unterricht.ingeborg-feustel-grundschule.de\/wp-content\/uploads\/2020\/06\/Knudi-e1591426688955.jpg\" alt=\"\" class=\"wp-image-768\"\/><figcaption>Wer von Euch kann noch sch\u00f6ne Bilder f\u00fcr diese Internetseite malen?<\/figcaption><\/figure>\n","protected":false},"excerpt":{"rendered":"<p>Dies ist eine interne Seite f\u00fcr Sch\u00fclerinnen und Sch\u00fcler der Ingeborg-Feustel-Grundschule. Hier findet Ihr verschiedene Materialien. Ihr k\u00f6nnt auch selber &hellip; <\/p>\n","protected":false},"author":3,"featured_media":0,"parent":0,"menu_order":0,"comment_status":"closed","ping_status":"closed","template":"","meta":{"footnotes":""},"class_list":["post-346","page","type-page","status-publish","hentry"],"_links":{"self":[{"href":"http:\/\/unterricht.ingeborg-feustel-grundschule.de\/index.php?rest_route=\/wp\/v2\/pages\/346","targetHints":{"allow":["GET"]}}],"collection":[{"href":"http:\/\/unterricht.ingeborg-feustel-grundschule.de\/index.php?rest_route=\/wp\/v2\/pages"}],"about":[{"href":"http:\/\/unterricht.ingeborg-feustel-grundschule.de\/index.php?rest_route=\/wp\/v2\/types\/page"}],"author":[{"embeddable":true,"href":"http:\/\/unterricht.ingeborg-feustel-grundschule.de\/index.php?rest_route=\/wp\/v2\/users\/3"}],"replies":[{"embeddable":true,"href":"http:\/\/unterricht.ingeborg-feustel-grundschule.de\/index.php?rest_route=%2Fwp%2Fv2%2Fcomments&post=346"}],"version-history":[{"count":17,"href":"http:\/\/unterricht.ingeborg-feustel-grundschule.de\/index.php?rest_route=\/wp\/v2\/pages\/346\/revisions"}],"predecessor-version":[{"id":781,"href":"http:\/\/unterricht.ingeborg-feustel-grundschule.de\/index.php?rest_route=\/wp\/v2\/pages\/346\/revisions\/781"}],"wp:attachment":[{"href":"http:\/\/unterricht.ingeborg-feustel-grundschule.de\/index.php?rest_route=%2Fwp%2Fv2%2Fmedia&parent=346"}],"curies":[{"name":"wp","href":"https:\/\/api.w.org\/{rel}","templated":true}]}}